{"id":2216965,"date":"2026-03-13T11:29:35","date_gmt":"2026-03-13T10:29:35","guid":{"rendered":"https:\/\/damienluce.com\/site\/books-2\/"},"modified":"2026-03-15T12:41:55","modified_gmt":"2026-03-15T11:41:55","slug":"books-2","status":"publish","type":"page","link":"https:\/\/damienluce.com\/site\/en\/books-2\/","title":{"rendered":"BOOKS"},"content":{"rendered":"\n<div class=\"wp-block-group\"><div class=\"wp-block-group__inner-container is-layout-constrained wp-block-group-is-layout-constrained\">\n<div class=\"wp-block-columns is-layout-flex wp-container-core-columns-is-layout-9d6595d7 wp-block-columns-is-layout-flex\">\n<div class=\"wp-block-column is-vertically-aligned-center is-layout-flow wp-block-column-is-layout-flow\" style=\"flex-basis:33.33%\">\n<h4 class=\"wp-block-heading has-text-align-center\">Coming soon<\/h4>\n\n\n\n<figure class=\"wp-block-image size-full\"><img loading=\"lazy\" decoding=\"async\" width=\"343\" height=\"500\" src=\"https:\/\/damienluce.com\/site\/wp-content\/uploads\/cover-pantoufles.png\" alt=\"\" class=\"wp-image-2217044\" srcset=\"https:\/\/damienluce.com\/site\/wp-content\/uploads\/cover-pantoufles.png 343w, https:\/\/damienluce.com\/site\/wp-content\/uploads\/cover-pantoufles-206x300.png 206w\" sizes=\"auto, (max-width: 343px) 100vw, 343px\" \/><\/figure>\n<\/div>\n\n\n\n<div class=\"wp-block-column is-vertically-aligned-center is-layout-flow wp-block-column-is-layout-flow\" style=\"flex-basis:66.66%\">\n<p>2026 &#8211; Harmattan \/ La l\u00e9gende des maondes<\/p>\n\n\n\n<p>This book is a whimsical interstellar odyssey.<br\/>The author travels the universe in search of unusual worlds, encountering intriguing and colorful characters along the way.<br\/>The text explores universal themes: solitude, curiosity, memory, courage, friendship, the search for meaning\u2026 An invitation to explore our inner galaxies and rediscover, in the far reaches of space, our childhood stars. The ink illustrations, created by the author, offer a graphic universe that is both simple and zany. <\/p>\n<\/div>\n<\/div>\n<\/div><\/div>\n\n<div style=\"height:20px\" aria-hidden=\"true\" class=\"wp-block-spacer\"><\/div>\n\n\n\n<hr class=\"wp-block-separator has-alpha-channel-opacity\"\/>\n\n\n\n<div style=\"height:20px\" aria-hidden=\"true\" class=\"wp-block-spacer\"><\/div>\n\n<div class=\"wp-block-group\"><div class=\"wp-block-group__inner-container is-layout-constrained wp-block-group-is-layout-constrained\">\n<div class=\"wp-block-columns is-layout-flex wp-container-core-columns-is-layout-9d6595d7 wp-block-columns-is-layout-flex\">\n<div class=\"wp-block-column is-vertically-aligned-center is-layout-flow wp-block-column-is-layout-flow\" style=\"flex-basis:33.33%\">\n<figure class=\"wp-block-image size-large\"><img loading=\"lazy\" decoding=\"async\" width=\"691\" height=\"1024\" src=\"https:\/\/damienluce.com\/site\/wp-content\/uploads\/\/visuel_un_drole_de_valentin_damien_luce_editions_heloise_dormesson-691x1024.png\" alt=\"\" class=\"wp-image-2216426\" srcset=\"https:\/\/damienluce.com\/site\/wp-content\/uploads\/visuel_un_drole_de_valentin_damien_luce_editions_heloise_dormesson-691x1024.png 691w, https:\/\/damienluce.com\/site\/wp-content\/uploads\/visuel_un_drole_de_valentin_damien_luce_editions_heloise_dormesson-203x300.png 203w, https:\/\/damienluce.com\/site\/wp-content\/uploads\/visuel_un_drole_de_valentin_damien_luce_editions_heloise_dormesson-768x1138.png 768w, https:\/\/damienluce.com\/site\/wp-content\/uploads\/visuel_un_drole_de_valentin_damien_luce_editions_heloise_dormesson.png 806w\" sizes=\"auto, (max-width: 691px) 100vw, 691px\" \/><\/figure>\n<\/div>\n\n\n\n<div class=\"wp-block-column is-vertically-aligned-center is-layout-flow wp-block-column-is-layout-flow\" style=\"flex-basis:66.66%\">\n<p>2022 &#8211; Editions H\u00e9lo\u00efse d&#8217;Ormesson<\/p>\n\n\n\n<p>They are four self-proclaimed nonconformist friends. There&#8217;s Blanche, the romantic cop; Capucine, the shy bookworm; Suzanne, the deadpan psychologist; and Laura, the pragmatic Argentinian with a sharp tongue. Their close bond is tested by death: Blanche cannot bear to part with the body of her deceased love. Once they overcome the shock, the quartet grows even closer and finds support from a tango-dancing bell founder and an enigmatic, taciturn man. Together, they will trample prejudices and reinvent the meaning of love.    <\/p>\n\n\n\n<p> \u00c0 travers cet adieu qui r\u00e9unit des c\u0153urs meurtris, on d\u00e9couvre l\u2019intensit\u00e9 d\u2019un pas de deux, les ravages d\u2019une relation toxique, la peur de la s\u00e9paration et, surtout, la puissance du partage.<\/p>\n<\/div>\n<\/div>\n\n\n\n<div class=\"wp-block-group is-content-justification-center is-nowrap is-layout-flex wp-container-core-group-is-layout-94bc23d7 wp-block-group-is-layout-flex\">\n<div class=\"wp-block-buttons is-content-justification-center is-layout-flex wp-container-core-buttons-is-layout-16018d1d wp-block-buttons-is-layout-flex\">\n<div class=\"wp-block-button is-style-outline is-style-outline--1\"><button type=\"button\" class=\"wp-block-button__link has-small-font-size has-custom-font-size wp-element-button\">FNAC<\/button><\/div>\n\n\n\n<div class=\"wp-block-button is-style-outline is-style-outline--2\"><a class=\"wp-block-button__link has-small-font-size has-custom-font-size wp-element-button\" href=\"https:\/\/www.amazon.fr\/dr%C3%B4le-Valentin-Damien-Luce\/dp\/2350878031\/ref=sr_1_2?__mk_fr_FR=%C3%85M%C3%85%C5%BD%C3%95%C3%91&amp;crid=2BCUTIOOQ9DOS&amp;keywords=un+dr%C3%B4le+de+valentin&amp;qid=1646729026&amp;sprefix=un+dr%C3%B4le+de+valentin%2Caps%2C65&amp;sr=8-2\" target=\"_blank\" rel=\"noreferrer noopener\">AMAZON<\/a><\/div>\n\n\n\n<div class=\"wp-block-button is-style-outline is-style-outline--3\"><a class=\"wp-block-button__link has-small-font-size has-custom-font-size wp-element-button\" href=\"https:\/\/www.fnac.com\/SearchResult\/ResultList.aspx?SCat=0&amp;Search=un+dr%C3%B4le+de+valentin&amp;sft=1&amp;sa=0#ID14013514\" target=\"_blank\" rel=\"noreferrer noopener\">AMAZON KINDLE<\/a><\/div>\n\n\n\n<div class=\"wp-block-button is-style-outline is-style-outline--4\"><a class=\"wp-block-button__link has-small-font-size has-custom-font-size wp-element-button\" href=\"https:\/\/www.cultura.com\/p-un-drole-de-valentin-9782350878034.html\" target=\"_blank\" rel=\"noreferrer noopener\">CULTURA<\/a><\/div>\n\n\n\n<div class=\"wp-block-button is-style-outline is-style-outline--5\"><a class=\"wp-block-button__link has-small-font-size has-custom-font-size wp-element-button\" href=\"https:\/\/www.placedeslibraires.fr\/livre\/9782350878034-un-drole-de-valentin-damien-luce\/\" target=\"_blank\" rel=\"noreferrer noopener\">EN LIBRAIRIE<\/a><\/div>\n\n\n\n<div class=\"wp-block-button is-style-outline is-style-outline--6\"><a class=\"wp-block-button__link has-small-font-size has-custom-font-size wp-element-button\" href=\"]]&amp;gt;\" target=\"_blank\" rel=\"noreferrer noopener\">E-BOOK<\/a><\/div>\n<\/div>\n<\/div>\n\n\n\n<div style=\"height:20px\" aria-hidden=\"true\" class=\"wp-block-spacer\"><\/div>\n\n\n\n<hr class=\"wp-block-separator has-alpha-channel-opacity\"\/>\n\n\n\n<div style=\"height:20px\" aria-hidden=\"true\" class=\"wp-block-spacer\"><\/div>\n<\/div><\/div>\n\n<div class=\"wp-block-group\"><div class=\"wp-block-group__inner-container is-layout-constrained wp-block-group-is-layout-constrained\">\n<div class=\"wp-block-columns is-layout-flex wp-container-core-columns-is-layout-9d6595d7 wp-block-columns-is-layout-flex\">\n<div class=\"wp-block-column is-vertically-aligned-center is-layout-flow wp-block-column-is-layout-flow\" style=\"flex-basis:33.33%\">\n<figure class=\"wp-block-image size-full\"><img loading=\"lazy\" decoding=\"async\" width=\"343\" height=\"500\" src=\"https:\/\/damienluce.com\/site\/wp-content\/uploads\/visuel_claire_de_plume.png\" alt=\"\" class=\"wp-image-2215058\" srcset=\"https:\/\/damienluce.com\/site\/wp-content\/uploads\/visuel_claire_de_plume.png 343w, https:\/\/damienluce.com\/site\/wp-content\/uploads\/visuel_claire_de_plume-200x292.png 200w, https:\/\/damienluce.com\/site\/wp-content\/uploads\/visuel_claire_de_plume-206x300.png 206w\" sizes=\"auto, (max-width: 343px) 100vw, 343px\" \/><\/figure>\n<\/div>\n\n\n\n<div class=\"wp-block-column is-vertically-aligned-center is-layout-flow wp-block-column-is-layout-flow\" style=\"flex-basis:66.66%\">\n<h3 class=\"wp-block-heading\">Folire Prize 2018<\/h3>\n\n\n\n<p>2017 &#8211; Editions H\u00e9lo\u00efse d&#8217;Ormesson<\/p>\n\n\n\n<p>\u201cThis book is a bit like my sister Claire\u2019s book. A little girl born with six fingers on each hand who, according to the doctors, only had a few weeks to live. And yet Claire, carried by the hearts of her family, despite the quirks of her chromosomes, grows up, learns to read, to write, to assert herself.  <\/p>\n\n\n\n<p>This text evokes the daily life of a family who experienced the challenges of disability firsthand. To do so, I tried to absorb Claire&#8217;s perspective, to the point of making it my own. For the duration of this book, I wanted to become Claire through writing.<\/p>\n<\/div>\n<\/div>\n\n\n\n<div class=\"wp-block-group is-content-justification-center is-nowrap is-layout-flex wp-container-core-group-is-layout-94bc23d7 wp-block-group-is-layout-flex\">\n<div class=\"wp-block-buttons is-content-justification-center is-layout-flex wp-container-core-buttons-is-layout-16018d1d wp-block-buttons-is-layout-flex\">\n<div class=\"wp-block-button is-style-outline is-style-outline--7\"><a class=\"wp-block-button__link has-small-font-size has-custom-font-size wp-element-button\" href=\"https:\/\/www.fnac.com\/a10437092\/Damien-Luce-Claire-de-plume#omnsearchpos=7\" target=\"_blank\" rel=\"noreferrer noopener\">FNAC<\/a><\/div>\n\n\n\n<div class=\"wp-block-button is-style-outline is-style-outline--8\"><a class=\"wp-block-button__link has-small-font-size has-custom-font-size wp-element-button\" href=\"https:\/\/www.amazon.fr\/Claire-plume-Damien-Luce\/dp\/2350874176\" target=\"_blank\" rel=\"noreferrer noopener\">AMAZON<\/a><\/div>\n\n\n\n<div class=\"wp-block-button is-style-outline is-style-outline--9\"><a class=\"wp-block-button__link has-small-font-size has-custom-font-size wp-element-button\" href=\"https:\/\/www.amazon.fr\/Claire-plume-Damien-Luce-ebook\/dp\/B0714MYRP5\/ref=tmm_kin_swatch_0?_encoding=UTF8&amp;qid=1615535337&amp;sr=8-1\" target=\"_blank\" rel=\"noreferrer noopener\">AMAZON KINDLE<\/a><\/div>\n\n\n\n<div class=\"wp-block-button is-style-outline is-style-outline--10\"><a class=\"wp-block-button__link has-small-font-size has-custom-font-size wp-element-button\" href=\"https:\/\/www.cultura.com\/p-claire-de-plume-3638299.html\" target=\"_blank\" rel=\"noreferrer noopener\">CULTURA<\/a><\/div>\n\n\n\n<div class=\"wp-block-button is-style-outline is-style-outline--11\"><a class=\"wp-block-button__link has-small-font-size has-custom-font-size wp-element-button\" href=\"https:\/\/www.placedeslibraires.fr\/listeliv.php?base=allbooks&amp;mots_recherche=Damien%20Luce%20-%20Claire%20de%20plume\" target=\"_blank\" rel=\"noreferrer noopener\">EN LIBRAIRIE<\/a><\/div>\n\n\n\n<div class=\"wp-block-button is-style-outline is-style-outline--12\"><a class=\"wp-block-button__link has-small-font-size has-custom-font-size wp-element-button\" href=\"]]&amp;gt;\" target=\"_blank\" rel=\"noreferrer noopener\">E-BOOK<\/a><\/div>\n<\/div>\n<\/div>\n\n\n\n<div style=\"height:20px\" aria-hidden=\"true\" class=\"wp-block-spacer\"><\/div>\n\n\n\n<hr class=\"wp-block-separator has-alpha-channel-opacity\"\/>\n\n\n\n<div style=\"height:20px\" aria-hidden=\"true\" class=\"wp-block-spacer\"><\/div>\n<\/div><\/div>\n\n<div class=\"wp-block-group\"><div class=\"wp-block-group__inner-container is-layout-constrained wp-block-group-is-layout-constrained\">\n<div class=\"wp-block-columns is-layout-flex wp-container-core-columns-is-layout-9d6595d7 wp-block-columns-is-layout-flex\">\n<div class=\"wp-block-column is-vertically-aligned-center is-layout-flow wp-block-column-is-layout-flow\" style=\"flex-basis:33.33%\">\n<figure class=\"wp-block-image size-full\"><img loading=\"lazy\" decoding=\"async\" width=\"1653\" height=\"2421\" src=\"https:\/\/damienluce.com\/site\/wp-content\/uploads\/visuel_la_fille_de_debussy_damien_luce_eho_2eme_sortie.jpg\" alt=\"\" class=\"wp-image-1561283\" srcset=\"https:\/\/damienluce.com\/site\/wp-content\/uploads\/visuel_la_fille_de_debussy_damien_luce_eho_2eme_sortie.jpg 1653w, https:\/\/damienluce.com\/site\/wp-content\/uploads\/visuel_la_fille_de_debussy_damien_luce_eho_2eme_sortie-200x293.jpg 200w, https:\/\/damienluce.com\/site\/wp-content\/uploads\/visuel_la_fille_de_debussy_damien_luce_eho_2eme_sortie-205x300.jpg 205w, https:\/\/damienluce.com\/site\/wp-content\/uploads\/visuel_la_fille_de_debussy_damien_luce_eho_2eme_sortie-699x1024.jpg 699w, https:\/\/damienluce.com\/site\/wp-content\/uploads\/visuel_la_fille_de_debussy_damien_luce_eho_2eme_sortie-700x1025.jpg 700w\" sizes=\"auto, (max-width: 1653px) 100vw, 1653px\" \/><\/figure>\n<\/div>\n\n\n\n<div class=\"wp-block-column is-vertically-aligned-center is-layout-flow wp-block-column-is-layout-flow\" style=\"flex-basis:66.66%\">\n<p>2015 &#8211; Editions H\u00e9lo\u00efse d&#8217;Ormesson<\/p>\n\n\n\n<p>Spring 1918. Claude-Emma Debussy, affectionately nicknamed Chouchou, confides in her diary. Casting a tender gaze upon the world, she recounts her daily life in a time marked by war. In homage to her deceased father, she promises herself to decipher a piece of music on the piano each week. Far from the scales imposed upon her, she writes, with poetry and candor, the music of her life. *The Daughter of Debussy* draws us into the romantic world of a young girl unlike any other, who was the joy of a composer of genius.      <\/p>\n\n\n\n<p>&#8220;The reader cannot help but be moved by this forgotten creature, brought back to life by the magic of literature thanks to Damien Luce, a poetic tightrope walker whose book rings true and beautiful.&#8221; (Livre Hebdo)<\/p>\n<\/div>\n<\/div>\n\n\n\n<div class=\"wp-block-group is-content-justification-center is-nowrap is-layout-flex wp-container-core-group-is-layout-94bc23d7 wp-block-group-is-layout-flex\">\n<div class=\"wp-block-buttons is-content-justification-center is-layout-flex wp-container-core-buttons-is-layout-16018d1d wp-block-buttons-is-layout-flex\">\n<div class=\"wp-block-button is-style-outline is-style-outline--13\"><a class=\"wp-block-button__link has-small-font-size has-custom-font-size wp-element-button\" href=\"https:\/\/www.fnac.com\/a8748709\/Damien-Luce-La-Fille-de-Debussy#omnsearchpos=1\" target=\"_blank\" rel=\"noreferrer noopener\">FNAC<\/a><\/div>\n\n\n\n<div class=\"wp-block-button is-style-outline is-style-outline--14\"><a class=\"wp-block-button__link has-small-font-size has-custom-font-size wp-element-button\" href=\"https:\/\/www.amazon.fr\/Fille-Debussy-Damien-Luce\/dp\/2350873382\" target=\"_blank\" rel=\"noreferrer noopener\">AMAZON<\/a><\/div>\n\n\n\n<div class=\"wp-block-button is-style-outline is-style-outline--15\"><a class=\"wp-block-button__link has-small-font-size has-custom-font-size wp-element-button\" href=\"https:\/\/www.amazon.fr\/Fille-Debussy-Damien-Luce-ebook\/dp\/B00IVAF03I\/ref=tmm_kin_swatch_0?_encoding=UTF8&amp;qid=&amp;sr=\" target=\"_blank\" rel=\"noreferrer noopener\">AMAZON KINDLE<\/a><\/div>\n\n\n\n<div class=\"wp-block-button is-style-outline is-style-outline--16\"><a class=\"wp-block-button__link has-small-font-size has-custom-font-size wp-element-button\" href=\"https:\/\/www.cultura.com\/p-claire-de-plume-9782350874173.html\" target=\"_blank\" rel=\"noreferrer noopener\">CULTURA<\/a><\/div>\n\n\n\n<div class=\"wp-block-button is-style-outline is-style-outline--17\"><a class=\"wp-block-button__link has-small-font-size has-custom-font-size wp-element-button\" href=\"https:\/\/www.placedeslibraires.fr\/livre\/9782350872506-la-fille-de-debussy-damien-luce\/\" target=\"_blank\" rel=\"noreferrer noopener\">EN LIBRAIRIE<\/a><\/div>\n\n\n\n<div class=\"wp-block-button is-style-outline is-style-outline--18\"><a class=\"wp-block-button__link has-small-font-size has-custom-font-size wp-element-button\" href=\"https:\/\/www.placedeslibraires.fr\/ebook\/9782350872612-la-fille-de-debussy-damien-luce\/\" target=\"_blank\" rel=\"noreferrer noopener\">E-BOOK<\/a><\/div>\n<\/div>\n<\/div>\n\n\n\n<div style=\"height:20px\" aria-hidden=\"true\" class=\"wp-block-spacer\"><\/div>\n\n\n\n<hr class=\"wp-block-separator has-alpha-channel-opacity\"\/>\n\n\n\n<div style=\"height:20px\" aria-hidden=\"true\" class=\"wp-block-spacer\"><\/div>\n<\/div><\/div>\n\n<div class=\"wp-block-group\"><div class=\"wp-block-group__inner-container is-layout-constrained wp-block-group-is-layout-constrained\">\n<div class=\"wp-block-columns is-layout-flex wp-container-core-columns-is-layout-9d6595d7 wp-block-columns-is-layout-flex\">\n<div class=\"wp-block-column is-vertically-aligned-center is-layout-flow wp-block-column-is-layout-flow\" style=\"flex-basis:33.33%\">\n<figure class=\"wp-block-image size-full\"><img loading=\"lazy\" decoding=\"async\" width=\"1651\" height=\"2421\" src=\"https:\/\/damienluce.com\/site\/wp-content\/uploads\/visuel_boudou.jpg\" alt=\"\" class=\"wp-image-1581900\" srcset=\"https:\/\/damienluce.com\/site\/wp-content\/uploads\/visuel_boudou.jpg 1651w, https:\/\/damienluce.com\/site\/wp-content\/uploads\/visuel_boudou-200x293.jpg 200w, https:\/\/damienluce.com\/site\/wp-content\/uploads\/visuel_boudou-205x300.jpg 205w, https:\/\/damienluce.com\/site\/wp-content\/uploads\/visuel_boudou-768x1126.jpg 768w, https:\/\/damienluce.com\/site\/wp-content\/uploads\/visuel_boudou-698x1024.jpg 698w, https:\/\/damienluce.com\/site\/wp-content\/uploads\/visuel_boudou-700x1026.jpg 700w\" sizes=\"auto, (max-width: 1651px) 100vw, 1651px\" \/><\/figure>\n<\/div>\n\n\n\n<div class=\"wp-block-column is-vertically-aligned-center is-layout-flow wp-block-column-is-layout-flow\" style=\"flex-basis:66.66%\">\n<p>2012 &#8211; Editions H\u00e9lo\u00efse d&#8217;Ormesson<\/p>\n\n\n\n<p>A whimsical immersion into the artistic life of the Belle \u00c9poque, where Guillaume Apollinaire, Sarah Bernhardt and Jean Cocteau rubbed shoulders, Cyrano de Boudou creates a poetic, sometimes melancholic universe. <\/p>\n\n\n\n<p>&#8220;Cyrano de Boudou&#8221; is a beautiful novel of love and coming-of-age. One could say that, in a way, it&#8217;s a bit like Rostand&#8217;s &#8220;Le Grand Meaulnes.&#8221; This speaks volumes about the literary quality and richness of content in this atypical &#8220;Cyrano with a red nose,&#8221; a work of powerful imagery that leaves a lasting impression on the reader. (La Voix du Luxembourg)<\/p>\n<\/div>\n<\/div>\n\n\n\n<div class=\"wp-block-group is-content-justification-center is-nowrap is-layout-flex wp-container-core-group-is-layout-94bc23d7 wp-block-group-is-layout-flex\">\n<div class=\"wp-block-buttons is-content-justification-center is-layout-flex wp-container-core-buttons-is-layout-16018d1d wp-block-buttons-is-layout-flex\">\n<div class=\"wp-block-button is-style-outline is-style-outline--19\"><a class=\"wp-block-button__link has-small-font-size has-custom-font-size wp-element-button\" href=\"https:\/\/www.fnac.com\/a3809485\/Damien-Luce-Cyrano-de-Boudou#omnsearchpos=1\" target=\"_blank\" rel=\"noreferrer noopener\">FNAC<\/a><\/div>\n\n\n\n<div class=\"wp-block-button is-style-outline is-style-outline--20\"><a class=\"wp-block-button__link has-small-font-size has-custom-font-size wp-element-button\" href=\"https:\/\/www.amazon.fr\/Cyrano-Boudou-Damien-Luce\/dp\/2350871827\/ref=tmm_pap_swatch_0?_encoding=UTF8&amp;qid=1615535520&amp;sr=8-1\" target=\"_blank\" rel=\"noreferrer noopener\">AMAZON<\/a><\/div>\n\n\n\n<div class=\"wp-block-button is-style-outline is-style-outline--21\"><a class=\"wp-block-button__link has-small-font-size has-custom-font-size wp-element-button\" href=\"https:\/\/www.amazon.fr\/Cyrano-Boudou-Damien-Luce-ebook\/dp\/B00AJLR0DK\/ref=sr_1_1?__mk_fr_FR=%C3%85M%C3%85%C5%BD%C3%95%C3%91&amp;dchild=1&amp;keywords=Cyrano+de+boudou&amp;qid=1615535520&amp;sr=8-1\" target=\"_blank\" rel=\"noreferrer noopener\">AMAZON KINDLE<\/a><\/div>\n\n\n\n<div class=\"wp-block-button is-style-outline is-style-outline--22\"><a class=\"wp-block-button__link has-small-font-size has-custom-font-size wp-element-button\" href=\"https:\/\/www.cultura.com\/p-cyrano-de-boudou-9782350871820.html\" target=\"_blank\" rel=\"noreferrer noopener\">CULTURA<\/a><\/div>\n\n\n\n<div class=\"wp-block-button is-style-outline is-style-outline--23\"><a class=\"wp-block-button__link has-small-font-size has-custom-font-size wp-element-button\" href=\"https:\/\/www.placedeslibraires.fr\/livre\/9782350871820-cyrano-de-boudou-damien-luce\/\" target=\"_blank\" rel=\"noreferrer noopener\">EN LIBRAIRIE<\/a><\/div>\n\n\n\n<div class=\"wp-block-button is-style-outline is-style-outline--24\"><a class=\"wp-block-button__link has-small-font-size has-custom-font-size wp-element-button\" href=\"https:\/\/www.placedeslibraires.fr\/ebook\/9782350872032-cyrano-de-boudou-damien-luce\/\" target=\"_blank\" rel=\"noreferrer noopener\">E-BOOK<\/a><\/div>\n<\/div>\n<\/div>\n\n\n\n<div style=\"height:20px\" aria-hidden=\"true\" class=\"wp-block-spacer\"><\/div>\n\n\n\n<hr class=\"wp-block-separator has-alpha-channel-opacity\"\/>\n\n\n\n<div style=\"height:20px\" aria-hidden=\"true\" class=\"wp-block-spacer\"><\/div>\n<\/div><\/div>\n\n<div class=\"wp-block-group\"><div class=\"wp-block-group__inner-container is-layout-constrained wp-block-group-is-layout-constrained\">\n<div class=\"wp-block-columns is-layout-flex wp-container-core-columns-is-layout-9d6595d7 wp-block-columns-is-layout-flex\">\n<div class=\"wp-block-column is-vertically-aligned-center is-layout-flow wp-block-column-is-layout-flow\" style=\"flex-basis:33.33%\">\n<figure class=\"wp-block-image size-full\"><img loading=\"lazy\" decoding=\"async\" width=\"343\" height=\"500\" src=\"https:\/\/damienluce.com\/site\/wp-content\/uploads\/visuel_le_chambrioleur_damien_luce_eho.png\" alt=\"\" class=\"wp-image-6165\" srcset=\"https:\/\/damienluce.com\/site\/wp-content\/uploads\/visuel_le_chambrioleur_damien_luce_eho.png 343w, https:\/\/damienluce.com\/site\/wp-content\/uploads\/visuel_le_chambrioleur_damien_luce_eho-200x292.png 200w, https:\/\/damienluce.com\/site\/wp-content\/uploads\/visuel_le_chambrioleur_damien_luce_eho-205x300.png 205w\" sizes=\"auto, (max-width: 343px) 100vw, 343px\" \/><\/figure>\n<\/div>\n\n\n\n<div class=\"wp-block-column is-vertically-aligned-center is-layout-flow wp-block-column-is-layout-flow\" style=\"flex-basis:66.66%\">\n<p>2010 &#8211; Editions H\u00e9lo\u00efse d&#8217;Ormesson<\/p>\n\n\n\n<p>Raised by forgetful parents, mocked by merciless classmates, Jeanne invents a daily life tailored to her own needs, where the walls are movie screens, where reality and fiction encroach upon each other.<\/p>\n\n\n\n<p><em>&#8220;A tender and richly detailed tale.&#8221;<\/em> (Le Monde des livres)<\/p>\n<\/div>\n<\/div>\n\n\n\n<div style=\"height:20px\" aria-hidden=\"true\" class=\"wp-block-spacer\"><\/div>\n\n\n\n<hr class=\"wp-block-separator has-alpha-channel-opacity\"\/>\n\n\n\n<div style=\"height:20px\" aria-hidden=\"true\" class=\"wp-block-spacer\"><\/div>\n\n\n\n<div class=\"wp-block-group is-content-justification-center is-nowrap is-layout-flex wp-container-core-group-is-layout-94bc23d7 wp-block-group-is-layout-flex\">\n<div class=\"wp-block-buttons is-content-justification-center is-layout-flex wp-container-core-buttons-is-layout-16018d1d wp-block-buttons-is-layout-flex\">\n<div class=\"wp-block-button is-style-outline is-style-outline--25\"><a class=\"wp-block-button__link has-small-font-size has-custom-font-size wp-element-button\" href=\"https:\/\/www.fnac.com\/a2782402\/Damien-Luce-Le-chambrioleur#int=S:Derniers%20articles%20consult%C3%A9s|NonApplicable|NonApplicable|2782402|BL1|L1\" target=\"_blank\" rel=\"noreferrer noopener\">FNAC<\/a><\/div>\n\n\n\n<div class=\"wp-block-button is-style-outline is-style-outline--26\"><a class=\"wp-block-button__link has-small-font-size has-custom-font-size wp-element-button\" href=\"https:\/\/www.amazon.fr\/CHAMBRIOLEUR-Collectif\/dp\/2350871282\/ref=sr_1_1?__mk_fr_FR=%C3%85M%C3%85%C5%BD%C3%95%C3%91&amp;dchild=1&amp;keywords=le+chambrioleur+luce&amp;qid=1615535739&amp;sr=8-1\" target=\"_blank\" rel=\"noreferrer noopener\">AMAZON<\/a><\/div>\n\n\n\n<div class=\"wp-block-button is-style-outline is-style-outline--27\"><a class=\"wp-block-button__link has-small-font-size has-custom-font-size wp-element-button\" href=\"https:\/\/www.cultura.com\/p-le-chambrioleur-9782350871288.html\" target=\"_blank\" rel=\"noreferrer noopener\">CULTURA<\/a><\/div>\n\n\n\n<div class=\"wp-block-button is-style-outline is-style-outline--28\"><a class=\"wp-block-button__link has-small-font-size has-custom-font-size wp-element-button\" href=\"https:\/\/www.placedeslibraires.fr\/listeliv.php?base=paper&amp;mots_recherche=chambrioleur&amp;select_tri_recherche=pertinence&amp;editeur=Heloise+D%27ormesson\" target=\"_blank\" rel=\"noreferrer noopener\">EN LIBRAIRIE<\/a><\/div>\n<\/div>\n<\/div>\n<\/div><\/div>\n","protected":false},"excerpt":{"rendered":"<p>Coming soon 2026 &#8211; Harmattan \/ La l\u00e9gende des maondes This book is a whimsical interstellar odyssey.The author travels the universe in search of unusual worlds, encountering intriguing and colorful characters along the way.The text explores universal themes: solitude, curiosity, memory, courage, friendship, the search for meaning\u2026 An invitation to explore our inner galaxies and rediscover, in the far reaches of space, our childhood stars. The ink illustrations, created by the author, offer a graphic universe that is both simple and zany. 2022 &#8211; Editions H\u00e9lo\u00efse d&#8217;Ormesson They are four self-proclaimed nonconformist friends. There&#8217;s Blanche, the romantic cop; Capucine, the shy bookworm; Suzanne, the deadpan psychologist; and Laura, the pragmatic Argentinian with a sharp tongue. Their close bond is tested by death: Blanche cannot bear to part with the body of her deceased love. Once they overcome the shock, the quartet grows even closer and finds support from a tango-dancing&hellip;<\/p>\n<p> <a class=\"more-link\" href=\"https:\/\/damienluce.com\/site\/en\/books-2\/\">Read more<\/a><\/p>\n","protected":false},"author":1,"featured_media":0,"parent":0,"menu_order":0,"comment_status":"closed","ping_status":"closed","template":"","meta":{"footnotes":""},"class_list":["post-2216965","page","type-page","status-publish"],"_links":{"self":[{"href":"https:\/\/damienluce.com\/site\/en\/wp-json\/wp\/v2\/pages\/2216965","targetHints":{"allow":["GET"]}}],"collection":[{"href":"https:\/\/damienluce.com\/site\/en\/wp-json\/wp\/v2\/pages"}],"about":[{"href":"https:\/\/damienluce.com\/site\/en\/wp-json\/wp\/v2\/types\/page"}],"author":[{"embeddable":true,"href":"https:\/\/damienluce.com\/site\/en\/wp-json\/wp\/v2\/users\/1"}],"replies":[{"embeddable":true,"href":"https:\/\/damienluce.com\/site\/en\/wp-json\/wp\/v2\/comments?post=2216965"}],"version-history":[{"count":7,"href":"https:\/\/damienluce.com\/site\/en\/wp-json\/wp\/v2\/pages\/2216965\/revisions"}],"predecessor-version":[{"id":2217182,"href":"https:\/\/damienluce.com\/site\/en\/wp-json\/wp\/v2\/pages\/2216965\/revisions\/2217182"}],"wp:attachment":[{"href":"https:\/\/damienluce.com\/site\/en\/wp-json\/wp\/v2\/media?parent=2216965"}],"curies":[{"name":"wp","href":"https:\/\/api.w.org\/{rel}","templated":true}]}}