{"id":2216988,"date":"2026-03-13T11:37:46","date_gmt":"2026-03-13T10:37:46","guid":{"rendered":"https:\/\/damienluce.com\/site\/theatre-2\/"},"modified":"2026-03-15T12:43:09","modified_gmt":"2026-03-15T11:43:09","slug":"theatre-2","status":"publish","type":"page","link":"https:\/\/damienluce.com\/site\/en\/theatre-2\/","title":{"rendered":"THEATRE"},"content":{"rendered":"\n<div class=\"wp-block-group\"><div class=\"wp-block-group__inner-container is-layout-constrained wp-block-group-is-layout-constrained\">\n<div class=\"wp-block-media-text is-stacked-on-mobile\" style=\"grid-template-columns:33% auto\"><figure class=\"wp-block-media-text__media\"><img loading=\"lazy\" decoding=\"async\" width=\"724\" height=\"1024\" src=\"https:\/\/damienluce.com\/site\/wp-content\/uploads\/\/visuel_brassens_web-724x1024.png\" alt=\"\" class=\"wp-image-2216669 size-full\" srcset=\"https:\/\/damienluce.com\/site\/wp-content\/uploads\/visuel_brassens_web-724x1024.png 724w, https:\/\/damienluce.com\/site\/wp-content\/uploads\/visuel_brassens_web-212x300.png 212w, https:\/\/damienluce.com\/site\/wp-content\/uploads\/visuel_brassens_web-768x1086.png 768w, https:\/\/damienluce.com\/site\/wp-content\/uploads\/visuel_brassens_web.png 800w\" sizes=\"auto, (max-width: 724px) 100vw, 724px\" \/><\/figure><div class=\"wp-block-media-text__content\">\n<p>With the voice of Georges Brassens \u2013 Created for Avignon OFF 2024 \u2013 With the support of the INA<\/p>\n\n\n\n<p><strong><em>An imaginary conversation with Georges Brassens, in partnership with INA. The show also features original songs written in Brassens\u2019 style.<\/em><\/strong><\/p>\n\n\n\n<p>With Damien Luce \u058d Directed by: Claude Nime \u058d Set design: Manuele Cid<br\/>\u058d Music: Damien Luce \u058d With the participation of Adrien Power Luce<br\/>Paragraph <\/p>\n\n\n\n<p><strong>Cr\u00e9ation 2024<\/strong><br\/>Avignon OFF 2024 (th\u00e9\u00e2tre des 3S)<br\/>Studio H\u00e9bertot.<\/p>\n\n\n\n<div class=\"wp-block-buttons is-layout-flex wp-block-buttons-is-layout-flex\">\n<div class=\"wp-block-button is-style-outline is-style-outline--1\"><a class=\"wp-block-button__link wp-element-button\" href=\"https:\/\/open.spotify.com\/intl-fr\/album\/1TjRmiRjK8kXnNozGBJRcg?si=J9yMEpWWS0-_UE8m2vUmFw\" target=\"_blank\" rel=\"noreferrer noopener\">Songs<\/a><\/div>\n<\/div>\n<\/div><\/div>\n\n\n\n<div style=\"height:20px\" aria-hidden=\"true\" class=\"wp-block-spacer\"><\/div>\n\n\n\n<hr class=\"wp-block-separator has-alpha-channel-opacity\"\/>\n\n\n\n<div style=\"height:20px\" aria-hidden=\"true\" class=\"wp-block-spacer\"><\/div>\n<\/div><\/div>\n\n<div class=\"wp-block-group\"><div class=\"wp-block-group__inner-container is-layout-constrained wp-block-group-is-layout-constrained\">\n<div class=\"wp-block-media-text is-stacked-on-mobile\" style=\"grid-template-columns:33% auto\"><figure class=\"wp-block-media-text__media\"><img loading=\"lazy\" decoding=\"async\" width=\"723\" height=\"1024\" src=\"https:\/\/damienluce.com\/site\/wp-content\/uploads\/\/visuel_enfant-723x1024.png\" alt=\"\" class=\"wp-image-2216280 size-full\" srcset=\"https:\/\/damienluce.com\/site\/wp-content\/uploads\/visuel_enfant-723x1024.png 723w, https:\/\/damienluce.com\/site\/wp-content\/uploads\/visuel_enfant-212x300.png 212w, https:\/\/damienluce.com\/site\/wp-content\/uploads\/visuel_enfant-768x1087.png 768w, https:\/\/damienluce.com\/site\/wp-content\/uploads\/visuel_enfant.png 904w\" sizes=\"auto, (max-width: 723px) 100vw, 723px\" \/><\/figure><div class=\"wp-block-media-text__content\">\n<p>A youth theatre adaptation of an opera by Maurice Ravel, based on a libretto by Colette. Theatre, piano and dance: the three ingredients of this original, wildly exuberant project. The message carried by this work is universal and can be summed up as follows: a little boy learning tenderness, kindness and compassion.<\/p>\n\n\n\n<p>In a creation residency! This show is produced by the association <a href=\"http:\/\/www.celuiquisouffle.com\/\" target=\"_blank\" rel=\"noreferrer noopener\">Celui qui souffle<\/a>, which brings artists into hospitals to provide support and comfort to sick children.<\/p>\n\n\n\n<p>With: Elsa Godard and Damien Luce \u2013 Directed by: Damien Luce<br\/>Assistant Director: Namiko Gahier-Ogawa \u2013 Choreography: Elsa Godard \u2013 Costumes: Charlotte Ledger<br\/>Lighting Design: S\u00e9bastien Babel \u2013 Sound Design: Antoine Blanchard<\/p>\n\n\n\n<p><strong>Cr\u00e9ation 2021<\/strong><br\/>Th\u00e9\u00e2tre de Perpignan<br\/>Avignon OFF 2022<br\/>Caf\u00e9 de la danse (Paris)<\/p>\n<\/div><\/div>\n\n\n\n<div style=\"height:20px\" aria-hidden=\"true\" class=\"wp-block-spacer\"><\/div>\n\n\n\n<hr class=\"wp-block-separator has-alpha-channel-opacity\"\/>\n\n\n\n<div style=\"height:20px\" aria-hidden=\"true\" class=\"wp-block-spacer\"><\/div>\n<\/div><\/div>\n\n<div class=\"wp-block-group\"><div class=\"wp-block-group__inner-container is-layout-constrained wp-block-group-is-layout-constrained\">\n<div class=\"wp-block-media-text is-stacked-on-mobile\" style=\"grid-template-columns:33% auto\"><figure class=\"wp-block-media-text__media\"><img loading=\"lazy\" decoding=\"async\" width=\"600\" height=\"846\" src=\"https:\/\/damienluce.com\/site\/wp-content\/uploads\/visuel_papillons_web_parpadou-1.png\" alt=\"\" class=\"wp-image-2215456 size-full\" srcset=\"https:\/\/damienluce.com\/site\/wp-content\/uploads\/visuel_papillons_web_parpadou-1.png 600w, https:\/\/damienluce.com\/site\/wp-content\/uploads\/visuel_papillons_web_parpadou-1-213x300.png 213w, https:\/\/damienluce.com\/site\/wp-content\/uploads\/visuel_papillons_web_parpadou-1-200x282.png 200w\" sizes=\"auto, (max-width: 600px) 100vw, 600px\" \/><\/figure><div class=\"wp-block-media-text__content\">\n<p>A tender, musical comedy for four hearts.<br\/>Damino is a screenwriter. He is what you would call \u201cneurodivergent\u201d. At 40, he still has his childhood imaginary friend, Dadou. Damino has endowed Dadou with every good quality. He has made him an idealized version of himself.<br\/>Shyness often also gives rise to an imaginary friend. That\u2019s the case for the play\u2019s second \u201creal\u201d character, Tito, an architect living in the building opposite. Her imaginary friend, Titou, gives her a semblance of a social life\u2014something her shyness prevents her from having. She spends her days painting at an easel, or at her desk, drawing up plans.<br\/>The musical presence, through a guitarist, provides a counterpoint to the plot. It is the sonic embodiment of Damino\u2019s imaginary world.<br\/>With alternating cast: Roxane Armand, Zo\u00e9 Corraface, Damien Henno, Alexandre Riedel, Damien Luce and Orestis Kalampalikis.<br\/>Directed by Fran\u00e7ois Rollin<br\/>Music: Orestis Kalampalikis<\/p>\n\n\n\n<p><strong>Cr\u00e9ation 2017<\/strong><br\/>Th\u00e9\u00e2tre des Vari\u00e9t\u00e9s<\/p>\n<\/div><\/div>\n\n\n\n<div style=\"height:20px\" aria-hidden=\"true\" class=\"wp-block-spacer\"><\/div>\n\n\n\n<hr class=\"wp-block-separator has-alpha-channel-opacity\"\/>\n\n\n\n<div style=\"height:20px\" aria-hidden=\"true\" class=\"wp-block-spacer\"><\/div>\n<\/div><\/div>\n\n<div class=\"wp-block-group\"><div class=\"wp-block-group__inner-container is-layout-constrained wp-block-group-is-layout-constrained\">\n<div class=\"wp-block-media-text is-stacked-on-mobile\" style=\"grid-template-columns:33% auto\"><figure class=\"wp-block-media-text__media\"><img loading=\"lazy\" decoding=\"async\" width=\"697\" height=\"1024\" src=\"https:\/\/damienluce.com\/site\/wp-content\/uploads\/\/visuel_bobines_damien_renan_luce-697x1024.jpg\" alt=\"\" class=\"wp-image-1561367 size-full\" srcset=\"https:\/\/damienluce.com\/site\/wp-content\/uploads\/visuel_bobines_damien_renan_luce-697x1024.jpg 697w, https:\/\/damienluce.com\/site\/wp-content\/uploads\/visuel_bobines_damien_renan_luce-200x294.jpg 200w, https:\/\/damienluce.com\/site\/wp-content\/uploads\/visuel_bobines_damien_renan_luce-204x300.jpg 204w, https:\/\/damienluce.com\/site\/wp-content\/uploads\/visuel_bobines_damien_renan_luce-700x1028.jpg 700w\" sizes=\"auto, (max-width: 697px) 100vw, 697px\" \/><\/figure><div class=\"wp-block-media-text__content\">\n<p>Why do the obvious truths sometimes take so long to assert themselves? Sharing the stage is one of them for Damien and Renan Luce. As children, music is the dialogue they choose for themselves, echoing the voices of the great names of French chanson and the melodies of American musicals they begin to learn, haltingly. It is their passion for the stage that brings them together today. And then there is curiosity\u2014the desire to be surprised by the other\u2019s presence in one\u2019s playground; the thrill felt when walking the tightrope of emotions rooted in us since childhood; a reserve that only wants to shatter; the joy of being together again.<\/p>\n\n\n\n<p><strong>Cr\u00e9ation 2016<\/strong><br\/>Caf\u00e9 de la danse (Paris)<\/p>\n<\/div><\/div>\n\n\n\n<div style=\"height:20px\" aria-hidden=\"true\" class=\"wp-block-spacer\"><\/div>\n\n\n\n<hr class=\"wp-block-separator has-alpha-channel-opacity\"\/>\n\n\n\n<div style=\"height:20px\" aria-hidden=\"true\" class=\"wp-block-spacer\"><\/div>\n<\/div><\/div>\n\n<div class=\"wp-block-group\"><div class=\"wp-block-group__inner-container is-layout-constrained wp-block-group-is-layout-constrained\">\n<div class=\"wp-block-media-text is-stacked-on-mobile\" style=\"grid-template-columns:33% auto\"><figure class=\"wp-block-media-text__media\"><img loading=\"lazy\" decoding=\"async\" width=\"724\" height=\"1024\" src=\"https:\/\/damienluce.com\/site\/wp-content\/uploads\/\/visuel_le_papa_de_chouchou_v5-724x1024.jpg\" alt=\"\" class=\"wp-image-2216328 size-full\" srcset=\"https:\/\/damienluce.com\/site\/wp-content\/uploads\/visuel_le_papa_de_chouchou_v5-724x1024.jpg 724w, https:\/\/damienluce.com\/site\/wp-content\/uploads\/visuel_le_papa_de_chouchou_v5-212x300.jpg 212w, https:\/\/damienluce.com\/site\/wp-content\/uploads\/visuel_le_papa_de_chouchou_v5-768x1086.jpg 768w, https:\/\/damienluce.com\/site\/wp-content\/uploads\/visuel_le_papa_de_chouchou_v5-1086x1536.jpg 1086w, https:\/\/damienluce.com\/site\/wp-content\/uploads\/visuel_le_papa_de_chouchou_v5-1448x2048.jpg 1448w, https:\/\/damienluce.com\/site\/wp-content\/uploads\/visuel_le_papa_de_chouchou_v5-scaled.jpg 1810w\" sizes=\"auto, (max-width: 724px) 100vw, 724px\" \/><\/figure><div class=\"wp-block-media-text__content\">\n<p>We know the composer, but do we know the man? <em>Le Papa de Chouchou<\/em> is a dive into the composer\u2019s private world. A monologue built from Debussy\u2019s rich correspondence, interspersed with piano music. In the style of the musical salons of old, Claude Debussy welcomes the audience into his home and speaks to them about his music, the war, his illness and his daughter, while playing his compositions on the piano. The show\u2019s convivial, interactive nature allows the audience to enter Debussy\u2019s private world and discover his universe.<\/p>\n\n\n\n<p><strong>Cr\u00e9ation 2015<\/strong><br\/>Th\u00e9\u00e2tre des Vari\u00e9t\u00e9s<\/p>\n<\/div><\/div>\n\n\n\n<div style=\"height:20px\" aria-hidden=\"true\" class=\"wp-block-spacer\"><\/div>\n\n\n\n<hr class=\"wp-block-separator has-alpha-channel-opacity\"\/>\n\n\n\n<div style=\"height:20px\" aria-hidden=\"true\" class=\"wp-block-spacer\"><\/div>\n<\/div><\/div>\n\n<div class=\"wp-block-group\"><div class=\"wp-block-group__inner-container is-layout-constrained wp-block-group-is-layout-constrained\">\n<div class=\"wp-block-media-text is-stacked-on-mobile\" style=\"grid-template-columns:33% auto\"><figure class=\"wp-block-media-text__media\"><img loading=\"lazy\" decoding=\"async\" width=\"500\" height=\"704\" src=\"https:\/\/damienluce.com\/site\/wp-content\/uploads\/visuel_cyrano_de_bergerac_clown_damien_luce.png\" alt=\"\" class=\"wp-image-6186 size-full\" srcset=\"https:\/\/damienluce.com\/site\/wp-content\/uploads\/visuel_cyrano_de_bergerac_clown_damien_luce.png 500w, https:\/\/damienluce.com\/site\/wp-content\/uploads\/visuel_cyrano_de_bergerac_clown_damien_luce-200x282.png 200w\" sizes=\"auto, (max-width: 500px) 100vw, 500px\" \/><\/figure><div class=\"wp-block-media-text__content\">\n<p>Six actors and a musician bring their touch of madness to the characters, while respecting Edmond Rostand\u2019s original text. A burlesque show blending humour, emotion, music and dance.<br\/>With: St\u00e9phanie Lassus-Debat, M\u00e9lanie Le Duc, Damien Luce, Damien Henno, Guillaume Charbuy, Thierry Victor, Erwan Orain, St\u00e9phane Malassenet, Maxie Perrin, Alexis Collin, Marta Power-Luce, Delphine Latil, Sarah Massuelles.<\/p>\n\n\n\n<p><strong>Cr\u00e9ation 2012<\/strong><br\/>Th\u00e9\u00e2tre de Nesle<br\/>Avignon OFF 2012<br\/>Th\u00e9\u00e2tre des Vari\u00e9t\u00e9s<br\/>Com\u00e9die Saint-Michel (Paris)<br\/><\/p>\n<\/div><\/div>\n\n\n\n<div style=\"height:20px\" aria-hidden=\"true\" class=\"wp-block-spacer\"><\/div>\n\n\n\n<hr class=\"wp-block-separator has-alpha-channel-opacity\"\/>\n\n\n\n<div style=\"height:20px\" aria-hidden=\"true\" class=\"wp-block-spacer\"><\/div>\n<\/div><\/div>\n\n<div class=\"wp-block-group\"><div class=\"wp-block-group__inner-container is-layout-constrained wp-block-group-is-layout-constrained\">\n<div class=\"wp-block-media-text is-stacked-on-mobile\" style=\"grid-template-columns:33% auto\"><figure class=\"wp-block-media-text__media\"><img loading=\"lazy\" decoding=\"async\" width=\"724\" height=\"1024\" src=\"https:\/\/damienluce.com\/site\/wp-content\/uploads\/\/visuel_dessine_moi_une_musique_espagnol-724x1024.jpg\" alt=\"\" class=\"wp-image-2215040 size-full\" srcset=\"https:\/\/damienluce.com\/site\/wp-content\/uploads\/visuel_dessine_moi_une_musique_espagnol-724x1024.jpg 724w, https:\/\/damienluce.com\/site\/wp-content\/uploads\/visuel_dessine_moi_une_musique_espagnol-200x283.jpg 200w, https:\/\/damienluce.com\/site\/wp-content\/uploads\/visuel_dessine_moi_une_musique_espagnol-212x300.jpg 212w, https:\/\/damienluce.com\/site\/wp-content\/uploads\/visuel_dessine_moi_une_musique_espagnol-768x1086.jpg 768w, https:\/\/damienluce.com\/site\/wp-content\/uploads\/visuel_dessine_moi_une_musique_espagnol-700x990.jpg 700w\" sizes=\"auto, (max-width: 724px) 100vw, 724px\" \/><\/figure><div class=\"wp-block-media-text__content\">\n<figure class=\"wp-block-embed is-type-video is-provider-youtube wp-block-embed-youtube wp-embed-aspect-16-9 wp-has-aspect-ratio\"><div class=\"wp-block-embed__wrapper\">\n<iframe loading=\"lazy\" title=\"Dessine-moi une musique - Histoire de Babar &amp; autres histoires\" width=\"800\" height=\"450\" src=\"https:\/\/www.youtube.com\/embed\/8va8PVH5nrU?start=1&#038;feature=oembed\" frameborder=\"0\" allow=\"accelerometer; autoplay; clipboard-write; encrypted-media; gyroscope; picture-in-picture; web-share\" referrerpolicy=\"strict-origin-when-cross-origin\" allowfullscreen><\/iframe>\n<\/div><\/figure>\n\n\n\n<p><strong>Cr\u00e9ation 2011<\/strong><br\/>Buesnos Aires<br\/>Tourn\u00e9es en Am\u00e9rique latine<\/p>\n<\/div><\/div>\n\n\n\n<div style=\"height:20px\" aria-hidden=\"true\" class=\"wp-block-spacer\"><\/div>\n\n\n\n<hr class=\"wp-block-separator has-alpha-channel-opacity\"\/>\n\n\n\n<div style=\"height:20px\" aria-hidden=\"true\" class=\"wp-block-spacer\"><\/div>\n<\/div><\/div>\n\n<div class=\"wp-block-group\"><div class=\"wp-block-group__inner-container is-layout-constrained wp-block-group-is-layout-constrained\">\n<div class=\"wp-block-media-text is-stacked-on-mobile\" style=\"grid-template-columns:33% auto\"><figure class=\"wp-block-media-text__media\"><img loading=\"lazy\" decoding=\"async\" width=\"343\" height=\"500\" src=\"https:\/\/damienluce.com\/site\/wp-content\/uploads\/visuel_presque_trop_serieux.png\" alt=\"\" class=\"wp-image-2217097 size-full\" srcset=\"https:\/\/damienluce.com\/site\/wp-content\/uploads\/visuel_presque_trop_serieux.png 343w, https:\/\/damienluce.com\/site\/wp-content\/uploads\/visuel_presque_trop_serieux-206x300.png 206w\" sizes=\"auto, (max-width: 343px) 100vw, 343px\" \/><\/figure><div class=\"wp-block-media-text__content\">\n<p><em>Presque trop s\u00e9rieux<\/em> est un dialogue de la nostalgie, une r\u00e9miniscence de cette \u00e9poque toujours un peu myst\u00e9rieuse, parfois miraculeuse, qu\u2019est notre enfance. Ce texte imag\u00e9 s\u2019adresse \u00e0 cette part de chacun d\u2019entre nous qui se souvient de notre commencement. L\u2019enfance, quelle qu\u2019elle soit, n\u2019est jamais surann\u00e9e. Elle est atemporelle, car nous la portons avec nous \u00e0 travers la vie. <\/p>\n\n\n\n<p>Avec Marie Anaf et Damien Luce<\/p>\n\n\n\n<p><strong>Cr\u00e9ation 2009<\/strong><br\/>Th\u00e9\u00e2tre de Nesle<br\/>Sudden th\u00e9\u00e2tre<\/p>\n<\/div><\/div>\n\n\n\n<div style=\"height:20px\" aria-hidden=\"true\" class=\"wp-block-spacer\"><\/div>\n\n\n\n<hr class=\"wp-block-separator has-alpha-channel-opacity\"\/>\n\n\n\n<div style=\"height:20px\" aria-hidden=\"true\" class=\"wp-block-spacer\"><\/div>\n<\/div><\/div>\n","protected":false},"excerpt":{"rendered":"<p>With the voice of Georges Brassens \u2013 Created for Avignon OFF 2024 \u2013 With the support of the INA An imaginary conversation with Georges Brassens, in partnership with INA. The show also features original songs written in Brassens\u2019 style. With Damien Luce \u058d Directed by: Claude Nime \u058d Set design: Manuele Cid\u058d Music: Damien Luce \u058d With the participation of Adrien Power LuceParagraph Cr\u00e9ation 2024Avignon OFF 2024 (th\u00e9\u00e2tre des 3S)Studio H\u00e9bertot. A youth theatre adaptation of an opera by Maurice Ravel, based on a libretto by Colette. Theatre, piano and dance: the three ingredients of this original, wildly exuberant project. The message carried by this work is universal and can be summed up as follows: a little boy learning tenderness, kindness and compassion. In a creation residency! This show is produced by the association Celui qui souffle, which brings artists into hospitals to provide support and comfort to sick children.&hellip;<\/p>\n<p> <a class=\"more-link\" href=\"https:\/\/damienluce.com\/site\/en\/theatre-2\/\">Read more<\/a><\/p>\n","protected":false},"author":1,"featured_media":0,"parent":0,"menu_order":0,"comment_status":"closed","ping_status":"closed","template":"","meta":{"footnotes":""},"class_list":["post-2216988","page","type-page","status-publish"],"_links":{"self":[{"href":"https:\/\/damienluce.com\/site\/en\/wp-json\/wp\/v2\/pages\/2216988","targetHints":{"allow":["GET"]}}],"collection":[{"href":"https:\/\/damienluce.com\/site\/en\/wp-json\/wp\/v2\/pages"}],"about":[{"href":"https:\/\/damienluce.com\/site\/en\/wp-json\/wp\/v2\/types\/page"}],"author":[{"embeddable":true,"href":"https:\/\/damienluce.com\/site\/en\/wp-json\/wp\/v2\/users\/1"}],"replies":[{"embeddable":true,"href":"https:\/\/damienluce.com\/site\/en\/wp-json\/wp\/v2\/comments?post=2216988"}],"version-history":[{"count":3,"href":"https:\/\/damienluce.com\/site\/en\/wp-json\/wp\/v2\/pages\/2216988\/revisions"}],"predecessor-version":[{"id":2217184,"href":"https:\/\/damienluce.com\/site\/en\/wp-json\/wp\/v2\/pages\/2216988\/revisions\/2217184"}],"wp:attachment":[{"href":"https:\/\/damienluce.com\/site\/en\/wp-json\/wp\/v2\/media?parent=2216988"}],"curies":[{"name":"wp","href":"https:\/\/api.w.org\/{rel}","templated":true}]}}