{"id":2216869,"date":"2026-03-13T08:57:48","date_gmt":"2026-03-13T07:57:48","guid":{"rendered":"https:\/\/damienluce.com\/site\/?page_id=2216869"},"modified":"2026-03-15T09:47:58","modified_gmt":"2026-03-15T08:47:58","slug":"theatre-2","status":"publish","type":"page","link":"https:\/\/damienluce.com\/site\/theatre-2\/","title":{"rendered":"TH\u00c9\u00c2TRE"},"content":{"rendered":"\n<div class=\"wp-block-group\"><div class=\"wp-block-group__inner-container is-layout-constrained wp-block-group-is-layout-constrained\">\n<div class=\"wp-block-media-text is-stacked-on-mobile\" style=\"grid-template-columns:33% auto\"><figure class=\"wp-block-media-text__media\"><img loading=\"lazy\" decoding=\"async\" width=\"724\" height=\"1024\" src=\"https:\/\/damienluce.com\/site\/wp-content\/uploads\/visuel_brassens_web-724x1024.png\" alt=\"\" class=\"wp-image-2216669 size-full\" srcset=\"https:\/\/damienluce.com\/site\/wp-content\/uploads\/visuel_brassens_web-724x1024.png 724w, https:\/\/damienluce.com\/site\/wp-content\/uploads\/visuel_brassens_web-212x300.png 212w, https:\/\/damienluce.com\/site\/wp-content\/uploads\/visuel_brassens_web-768x1086.png 768w, https:\/\/damienluce.com\/site\/wp-content\/uploads\/visuel_brassens_web.png 800w\" sizes=\"auto, (max-width: 724px) 100vw, 724px\" \/><\/figure><div class=\"wp-block-media-text__content\">\n<p>Avec la voix de Georges Brassens \u2013&nbsp;Cr\u00e9ation Avignon OFF 2024 \u2013&nbsp;Avec le soutien de l\u2019INA<\/p>\n\n\n\n<p><strong><em>Une conversation imaginaire avec Georges Brassens en partenariat avec l\u2019INA. Le spectacle pr\u00e9sente aussi des chansons originales \u00e9crites dans le style de Brassens.<\/em><\/strong><\/p>\n\n\n\n<p>Avec Damien Luce&nbsp;\u058d&nbsp;Mise en sc\u00e8ne : Claude Nime&nbsp;\u058d&nbsp;Sc\u00e9nographie : Manuele Cid<br>\u058d&nbsp;Musique : Damien Luce&nbsp;\u058d&nbsp;Avec la participation d\u2019Adrien Power Luce&nbsp;<\/p>\n\n\n\n<p><strong>Cr\u00e9ation 2024<\/strong><br>Avignon OFF 2024 (th\u00e9\u00e2tre des 3S)<br>Studio H\u00e9bertot.<\/p>\n\n\n\n<div class=\"wp-block-buttons is-layout-flex wp-block-buttons-is-layout-flex\">\n<div class=\"wp-block-button is-style-outline is-style-outline--1\"><a class=\"wp-block-button__link wp-element-button\" href=\"https:\/\/open.spotify.com\/intl-fr\/album\/1TjRmiRjK8kXnNozGBJRcg?si=J9yMEpWWS0-_UE8m2vUmFw\" target=\"_blank\" rel=\"noreferrer noopener\">Les chansons du spectacle<\/a><\/div>\n<\/div>\n<\/div><\/div>\n\n\n\n<div style=\"height:20px\" aria-hidden=\"true\" class=\"wp-block-spacer\"><\/div>\n\n\n\n<hr class=\"wp-block-separator has-alpha-channel-opacity\"\/>\n\n\n\n<div style=\"height:20px\" aria-hidden=\"true\" class=\"wp-block-spacer\"><\/div>\n<\/div><\/div>\n\n\n\n<div class=\"wp-block-group\"><div class=\"wp-block-group__inner-container is-layout-constrained wp-block-group-is-layout-constrained\">\n<div class=\"wp-block-media-text is-stacked-on-mobile\" style=\"grid-template-columns:33% auto\"><figure class=\"wp-block-media-text__media\"><img loading=\"lazy\" decoding=\"async\" width=\"723\" height=\"1024\" src=\"https:\/\/damienluce.com\/site\/wp-content\/uploads\/visuel_enfant-723x1024.png\" alt=\"\" class=\"wp-image-2216280 size-full\" srcset=\"https:\/\/damienluce.com\/site\/wp-content\/uploads\/visuel_enfant-723x1024.png 723w, https:\/\/damienluce.com\/site\/wp-content\/uploads\/visuel_enfant-212x300.png 212w, https:\/\/damienluce.com\/site\/wp-content\/uploads\/visuel_enfant-768x1087.png 768w, https:\/\/damienluce.com\/site\/wp-content\/uploads\/visuel_enfant.png 904w\" sizes=\"auto, (max-width: 723px) 100vw, 723px\" \/><\/figure><div class=\"wp-block-media-text__content\">\n<p>Une adaptation pour th\u00e9\u00e2tre jeune public d\u2019un op\u00e9ra de Maurice Ravel sur un livret de Colette. Jeu th\u00e9\u00e2tral, piano, danse, ce sont les trois ingr\u00e9dients de ce projet in\u00e9dit et follement exub\u00e9rant. Le message que porte cette \u0153uvre est universel et peut se r\u00e9sumer ainsi: un petit gar\u00e7on qui fait l\u2019apprentissage de la tendresse, de la bienveillance, de la compassion.<\/p>\n\n\n\n<p>En r\u00e9sidence de cr\u00e9ation ! Ce spectacle est produit par l\u2019association&nbsp;<a href=\"http:\/\/www.celuiquisouffle.com\/\" target=\"_blank\" rel=\"noreferrer noopener\">Celui qui souffle<\/a>, qui fait intervenir des artistes \u00e0 l\u2019h\u00f4pital, afin d\u2019apporter soutien et r\u00e9confort aux enfants malades.<\/p>\n\n\n\n<p>Avec : Elsa Godard et Damien Luce \u2013 Mise en sc\u00e8ne : Damien Luce<br>Assistante \u00e0 la mise en sc\u00e8ne : Namiko Gahier-Ogawa \u2013 Chor\u00e9graphies : Elsa Godard \u2013 Costumes : Charlotte Ledger<br>Cr\u00e9ation lumi\u00e8re : S\u00e9bastien Babel \u2013 Cr\u00e9ation sonore : Antoine Blanchard<\/p>\n\n\n\n<p><strong>Cr\u00e9ation 2021<\/strong><br>Th\u00e9\u00e2tre de Perpignan<br>Avignon OFF 2022<br>Caf\u00e9 de la danse (Paris)<\/p>\n<\/div><\/div>\n\n\n\n<div style=\"height:20px\" aria-hidden=\"true\" class=\"wp-block-spacer\"><\/div>\n\n\n\n<hr class=\"wp-block-separator has-alpha-channel-opacity\"\/>\n\n\n\n<div style=\"height:20px\" aria-hidden=\"true\" class=\"wp-block-spacer\"><\/div>\n<\/div><\/div>\n\n\n\n<div class=\"wp-block-group\"><div class=\"wp-block-group__inner-container is-layout-constrained wp-block-group-is-layout-constrained\">\n<div class=\"wp-block-media-text is-stacked-on-mobile\" style=\"grid-template-columns:33% auto\"><figure class=\"wp-block-media-text__media\"><img loading=\"lazy\" decoding=\"async\" width=\"600\" height=\"846\" src=\"https:\/\/damienluce.com\/site\/wp-content\/uploads\/visuel_papillons_web_parpadou-1.png\" alt=\"\" class=\"wp-image-2215456 size-full\" srcset=\"https:\/\/damienluce.com\/site\/wp-content\/uploads\/visuel_papillons_web_parpadou-1.png 600w, https:\/\/damienluce.com\/site\/wp-content\/uploads\/visuel_papillons_web_parpadou-1-213x300.png 213w, https:\/\/damienluce.com\/site\/wp-content\/uploads\/visuel_papillons_web_parpadou-1-200x282.png 200w\" sizes=\"auto, (max-width: 600px) 100vw, 600px\" \/><\/figure><div class=\"wp-block-media-text__content\">\n<p>Une com\u00e9die tendre et musicale \u00e0 quatre c\u0153urs.<br>Damino est sc\u00e9nariste. Il est ce que l\u2019on appelle un \u00ab neuro-atypique \u00bb. \u00c0 40 ans, il a toujours son ami imaginaire d\u2019enfance, Dadou. Damino a par\u00e9 Dadou de toutes les qualit\u00e9s. Il en a fait une version id\u00e9alis\u00e9e de lui-m\u00eame.<br>La timidit\u00e9 engendre souvent aussi un ami imaginaire. C\u2019est le cas du second personnage \u00ab r\u00e9el \u00bb de la pi\u00e8ce, Tito, une architecte vivant dans l\u2019immeuble d\u2019en face. Son amie imaginaire, Titou, lui donne un semblant de vie sociale, que sa timidit\u00e9 lui interdit. Elle passe ses journ\u00e9es \u00e0 peindre devant un chevalet, ou \u00e0 son bureau, tra\u00e7ant des plans.<br>La pr\u00e9sence musicale, par le biais d\u2019un guitariste, offre un contrepoint \u00e0 l\u2019intrigue. C\u2019est l\u2019incarnation sonore du monde imaginaire de Damino.<br>Avec en alternance : Roxane Armand, Zo\u00e9 Corraface, Damien Henno, Alexandre Riedel, Damien Luce et Orestis Kalampalikis.<br>Mise en sc\u00e8ne Fran\u00e7ois Rollin<br>Musique : Orestis Kalampalikis<\/p>\n\n\n\n<p><strong>Cr\u00e9ation 2017<\/strong><br>Th\u00e9\u00e2tre des Vari\u00e9t\u00e9s<\/p>\n<\/div><\/div>\n\n\n\n<div style=\"height:20px\" aria-hidden=\"true\" class=\"wp-block-spacer\"><\/div>\n\n\n\n<hr class=\"wp-block-separator has-alpha-channel-opacity\"\/>\n\n\n\n<div style=\"height:20px\" aria-hidden=\"true\" class=\"wp-block-spacer\"><\/div>\n<\/div><\/div>\n\n\n\n<div class=\"wp-block-group\"><div class=\"wp-block-group__inner-container is-layout-constrained wp-block-group-is-layout-constrained\">\n<div class=\"wp-block-media-text is-stacked-on-mobile\" style=\"grid-template-columns:33% auto\"><figure class=\"wp-block-media-text__media\"><img loading=\"lazy\" decoding=\"async\" width=\"697\" height=\"1024\" src=\"https:\/\/damienluce.com\/site\/wp-content\/uploads\/visuel_bobines_damien_renan_luce-697x1024.jpg\" alt=\"\" class=\"wp-image-1561367 size-full\" srcset=\"https:\/\/damienluce.com\/site\/wp-content\/uploads\/visuel_bobines_damien_renan_luce-697x1024.jpg 697w, https:\/\/damienluce.com\/site\/wp-content\/uploads\/visuel_bobines_damien_renan_luce-200x294.jpg 200w, https:\/\/damienluce.com\/site\/wp-content\/uploads\/visuel_bobines_damien_renan_luce-204x300.jpg 204w, https:\/\/damienluce.com\/site\/wp-content\/uploads\/visuel_bobines_damien_renan_luce-700x1028.jpg 700w\" sizes=\"auto, (max-width: 697px) 100vw, 697px\" \/><\/figure><div class=\"wp-block-media-text__content\">\n<p>Pourquoi les \u00e9vidences tardent parfois \u00e0 s\u2019imposer ? Faire sc\u00e8ne commune en est une pour Damien et Renan Luce. Enfants, la musique est le dialogue qu\u2019ils se choisissent dans lequel r\u00e9sonnent les voix des grands noms de la chanson fran\u00e7aise et les m\u00e9lodies des com\u00e9dies musicales am\u00e9ricaines qu\u2019ils apprennent \u00e0 balbutier. C\u2019est la passion de la sc\u00e8ne qui les r\u00e9unit aujourd\u2019hui. Et puis une curiosit\u00e9, l\u2019envie de se laisser surprendre par la pr\u00e9sence de l\u2019autre dans son aire de jeux, par le frisson qu\u2019on ressent quand on \u00e9volue sur le fil des \u00e9motions ancr\u00e9es en nous depuis l\u2019enfance, une pudeur qui ne demande qu\u2019\u00e0 voler en \u00e9clat, par le bonheur de se retrouver.<\/p>\n\n\n\n<p><strong>Cr\u00e9ation 2016<\/strong><br>Caf\u00e9 de la danse (Paris)<\/p>\n<\/div><\/div>\n\n\n\n<div style=\"height:20px\" aria-hidden=\"true\" class=\"wp-block-spacer\"><\/div>\n\n\n\n<hr class=\"wp-block-separator has-alpha-channel-opacity\"\/>\n\n\n\n<div style=\"height:20px\" aria-hidden=\"true\" class=\"wp-block-spacer\"><\/div>\n<\/div><\/div>\n\n\n\n<div class=\"wp-block-group\"><div class=\"wp-block-group__inner-container is-layout-constrained wp-block-group-is-layout-constrained\">\n<div class=\"wp-block-media-text is-stacked-on-mobile\" style=\"grid-template-columns:33% auto\"><figure class=\"wp-block-media-text__media\"><img loading=\"lazy\" decoding=\"async\" width=\"724\" height=\"1024\" src=\"https:\/\/damienluce.com\/site\/wp-content\/uploads\/visuel_le_papa_de_chouchou_v5-724x1024.jpg\" alt=\"\" class=\"wp-image-2216328 size-full\" srcset=\"https:\/\/damienluce.com\/site\/wp-content\/uploads\/visuel_le_papa_de_chouchou_v5-724x1024.jpg 724w, https:\/\/damienluce.com\/site\/wp-content\/uploads\/visuel_le_papa_de_chouchou_v5-212x300.jpg 212w, https:\/\/damienluce.com\/site\/wp-content\/uploads\/visuel_le_papa_de_chouchou_v5-768x1086.jpg 768w, https:\/\/damienluce.com\/site\/wp-content\/uploads\/visuel_le_papa_de_chouchou_v5-1086x1536.jpg 1086w, https:\/\/damienluce.com\/site\/wp-content\/uploads\/visuel_le_papa_de_chouchou_v5-1448x2048.jpg 1448w, https:\/\/damienluce.com\/site\/wp-content\/uploads\/visuel_le_papa_de_chouchou_v5-scaled.jpg 1810w\" sizes=\"auto, (max-width: 724px) 100vw, 724px\" \/><\/figure><div class=\"wp-block-media-text__content\">\n<p>On conna\u00eet le compositeur, mais conna\u00eet-on l\u2019homme?&nbsp;<em>Le Papa de Chouchou<\/em>&nbsp;est une plong\u00e9e dans l\u2019intimit\u00e9 du compositeur. Un monologue b\u00e2ti \u00e0 partir de la riche correspondance de Debussy, et entrecoup\u00e9 de musique pour piano. \u00c0 la mani\u00e8re des salons musicaux de l\u2019ancien temps, Claude Debussy re\u00e7oit les spectateurs chez-lui, et leur parle de sa musique, de la guerre, de sa maladie, de sa fille, tout en leur jouant ses compositions au piano. La convivialit\u00e9 du spectacle, son caract\u00e8re interactif, permet au public d\u2019entrer dans l\u2019intimit\u00e9 de Debussy, et de d\u00e9couvrir son univers.<\/p>\n\n\n\n<p><strong>Cr\u00e9ation 2015<\/strong><br>Th\u00e9\u00e2tre des Vari\u00e9t\u00e9s<\/p>\n<\/div><\/div>\n\n\n\n<div style=\"height:20px\" aria-hidden=\"true\" class=\"wp-block-spacer\"><\/div>\n\n\n\n<hr class=\"wp-block-separator has-alpha-channel-opacity\"\/>\n\n\n\n<div style=\"height:20px\" aria-hidden=\"true\" class=\"wp-block-spacer\"><\/div>\n<\/div><\/div>\n\n\n\n<div class=\"wp-block-group\"><div class=\"wp-block-group__inner-container is-layout-constrained wp-block-group-is-layout-constrained\">\n<div class=\"wp-block-media-text is-stacked-on-mobile\" style=\"grid-template-columns:33% auto\"><figure class=\"wp-block-media-text__media\"><img loading=\"lazy\" decoding=\"async\" width=\"500\" height=\"704\" src=\"https:\/\/damienluce.com\/site\/wp-content\/uploads\/visuel_cyrano_de_bergerac_clown_damien_luce.png\" alt=\"\" class=\"wp-image-6186 size-full\" srcset=\"https:\/\/damienluce.com\/site\/wp-content\/uploads\/visuel_cyrano_de_bergerac_clown_damien_luce.png 500w, https:\/\/damienluce.com\/site\/wp-content\/uploads\/visuel_cyrano_de_bergerac_clown_damien_luce-200x282.png 200w\" sizes=\"auto, (max-width: 500px) 100vw, 500px\" \/><\/figure><div class=\"wp-block-media-text__content\">\n<p>Six com\u00e9diens et un musicien insufflent leur grain de folie aux personnages, tout en respectant le texte original d\u2019Edmond Rostand. Un spectacle burlesque, m\u00ealant humour, \u00e9motion, musique et danse.<br>Avec : St\u00e9phanie Lassus-Debat, M\u00e9lanie Le Duc, Damien Luce, Damien Henno, Guillaume Charbuy, Thierry Victor, Erwan Orain, St\u00e9phane Malassenet, Maxie Perrin, Alexis Collin, Marta Power-Luce, Delphine Latil, Sarah Massuelles.<\/p>\n\n\n\n<p><strong>Cr\u00e9ation 2012<\/strong><br>Th\u00e9\u00e2tre de Nesle<br>Avignon OFF 2012<br>Th\u00e9\u00e2tre des Vari\u00e9t\u00e9s<br>Com\u00e9die Saint-Michel (Paris)<br><\/p>\n<\/div><\/div>\n\n\n\n<div style=\"height:20px\" aria-hidden=\"true\" class=\"wp-block-spacer\"><\/div>\n\n\n\n<hr class=\"wp-block-separator has-alpha-channel-opacity\"\/>\n\n\n\n<div style=\"height:20px\" aria-hidden=\"true\" class=\"wp-block-spacer\"><\/div>\n<\/div><\/div>\n\n\n\n<div class=\"wp-block-group\"><div class=\"wp-block-group__inner-container is-layout-constrained wp-block-group-is-layout-constrained\">\n<div class=\"wp-block-media-text is-stacked-on-mobile\" style=\"grid-template-columns:33% auto\"><figure class=\"wp-block-media-text__media\"><img loading=\"lazy\" decoding=\"async\" width=\"724\" height=\"1024\" src=\"https:\/\/damienluce.com\/site\/wp-content\/uploads\/visuel_dessine_moi_une_musique_espagnol-724x1024.jpg\" alt=\"\" class=\"wp-image-2215040 size-full\" srcset=\"https:\/\/damienluce.com\/site\/wp-content\/uploads\/visuel_dessine_moi_une_musique_espagnol-724x1024.jpg 724w, https:\/\/damienluce.com\/site\/wp-content\/uploads\/visuel_dessine_moi_une_musique_espagnol-200x283.jpg 200w, https:\/\/damienluce.com\/site\/wp-content\/uploads\/visuel_dessine_moi_une_musique_espagnol-212x300.jpg 212w, https:\/\/damienluce.com\/site\/wp-content\/uploads\/visuel_dessine_moi_une_musique_espagnol-768x1086.jpg 768w, https:\/\/damienluce.com\/site\/wp-content\/uploads\/visuel_dessine_moi_une_musique_espagnol-700x990.jpg 700w\" sizes=\"auto, (max-width: 724px) 100vw, 724px\" \/><\/figure><div class=\"wp-block-media-text__content\">\n<figure class=\"wp-block-embed is-type-video is-provider-youtube wp-block-embed-youtube wp-embed-aspect-16-9 wp-has-aspect-ratio\"><div class=\"wp-block-embed__wrapper\">\n<iframe loading=\"lazy\" title=\"Dessine-moi une musique - Histoire de Babar &amp; autres histoires\" width=\"800\" height=\"450\" src=\"https:\/\/www.youtube.com\/embed\/8va8PVH5nrU?start=1&#038;feature=oembed\" frameborder=\"0\" allow=\"accelerometer; autoplay; clipboard-write; encrypted-media; gyroscope; picture-in-picture; web-share\" referrerpolicy=\"strict-origin-when-cross-origin\" allowfullscreen><\/iframe>\n<\/div><\/figure>\n\n\n\n<p><strong>Cr\u00e9ation 2011<\/strong><br>Buesnos Aires<br>Tourn\u00e9es en Am\u00e9rique latine<\/p>\n<\/div><\/div>\n\n\n\n<div style=\"height:20px\" aria-hidden=\"true\" class=\"wp-block-spacer\"><\/div>\n\n\n\n<hr class=\"wp-block-separator has-alpha-channel-opacity\"\/>\n\n\n\n<div style=\"height:20px\" aria-hidden=\"true\" class=\"wp-block-spacer\"><\/div>\n<\/div><\/div>\n\n\n\n<div class=\"wp-block-group\"><div class=\"wp-block-group__inner-container is-layout-constrained wp-block-group-is-layout-constrained\">\n<div class=\"wp-block-media-text is-stacked-on-mobile\" style=\"grid-template-columns:33% auto\"><figure class=\"wp-block-media-text__media\"><img loading=\"lazy\" decoding=\"async\" width=\"343\" height=\"500\" src=\"https:\/\/damienluce.com\/site\/wp-content\/uploads\/visuel_presque_trop_serieux.png\" alt=\"\" class=\"wp-image-2217097 size-full\" srcset=\"https:\/\/damienluce.com\/site\/wp-content\/uploads\/visuel_presque_trop_serieux.png 343w, https:\/\/damienluce.com\/site\/wp-content\/uploads\/visuel_presque_trop_serieux-206x300.png 206w\" sizes=\"auto, (max-width: 343px) 100vw, 343px\" \/><\/figure><div class=\"wp-block-media-text__content\">\n<p><em>Presque trop s\u00e9rieux<\/em>&nbsp;est un dialogue de la nostalgie, une r\u00e9miniscence de cette \u00e9poque toujours un peu myst\u00e9rieuse, parfois miraculeuse, qu\u2019est notre enfance. Ce texte imag\u00e9 s\u2019adresse \u00e0 cette part de chacun d\u2019entre nous qui se souvient de notre commencement. L\u2019enfance, quelle qu\u2019elle soit, n\u2019est jamais surann\u00e9e. Elle est atemporelle, car nous la portons avec nous \u00e0 travers la vie.&nbsp;<\/p>\n\n\n\n<p>Avec Marie Anaf et Damien Luce<\/p>\n\n\n\n<p><strong>Cr\u00e9ation 2009<\/strong><br>Th\u00e9\u00e2tre de Nesle<br>Sudden th\u00e9\u00e2tre<\/p>\n<\/div><\/div>\n\n\n\n<div style=\"height:20px\" aria-hidden=\"true\" class=\"wp-block-spacer\"><\/div>\n\n\n\n<hr class=\"wp-block-separator has-alpha-channel-opacity\"\/>\n\n\n\n<div style=\"height:20px\" aria-hidden=\"true\" class=\"wp-block-spacer\"><\/div>\n<\/div><\/div>\n","protected":false},"excerpt":{"rendered":"<p>Avec la voix de Georges Brassens \u2013&nbsp;Cr\u00e9ation Avignon OFF 2024 \u2013&nbsp;Avec le soutien de l\u2019INA Une conversation imaginaire avec Georges Brassens en partenariat avec l\u2019INA. Le spectacle pr\u00e9sente aussi des chansons originales \u00e9crites dans le style de Brassens. Avec Damien Luce&nbsp;\u058d&nbsp;Mise en sc\u00e8ne : Claude Nime&nbsp;\u058d&nbsp;Sc\u00e9nographie : Manuele Cid\u058d&nbsp;Musique : Damien Luce&nbsp;\u058d&nbsp;Avec la participation d\u2019Adrien Power Luce&nbsp; Cr\u00e9ation 2024Avignon OFF 2024 (th\u00e9\u00e2tre des 3S)Studio H\u00e9bertot. Une adaptation pour th\u00e9\u00e2tre jeune public d\u2019un op\u00e9ra de Maurice Ravel sur un livret de Colette. Jeu th\u00e9\u00e2tral, piano, danse, ce sont les trois ingr\u00e9dients de ce projet in\u00e9dit et follement exub\u00e9rant. Le message que porte cette \u0153uvre est universel et peut se r\u00e9sumer ainsi: un petit gar\u00e7on qui fait l\u2019apprentissage de la tendresse, de la bienveillance, de la compassion. En r\u00e9sidence de cr\u00e9ation ! Ce spectacle est produit par l\u2019association&nbsp;Celui qui souffle, qui fait intervenir des artistes \u00e0 l\u2019h\u00f4pital, afin d\u2019apporter soutien et r\u00e9confort&hellip;<\/p>\n<p> <a class=\"more-link\" href=\"https:\/\/damienluce.com\/site\/theatre-2\/\">Read more<\/a><\/p>\n","protected":false},"author":1,"featured_media":0,"parent":0,"menu_order":0,"comment_status":"closed","ping_status":"closed","template":"","meta":{"footnotes":""},"class_list":["post-2216869","page","type-page","status-publish"],"_links":{"self":[{"href":"https:\/\/damienluce.com\/site\/wp-json\/wp\/v2\/pages\/2216869","targetHints":{"allow":["GET"]}}],"collection":[{"href":"https:\/\/damienluce.com\/site\/wp-json\/wp\/v2\/pages"}],"about":[{"href":"https:\/\/damienluce.com\/site\/wp-json\/wp\/v2\/types\/page"}],"author":[{"embeddable":true,"href":"https:\/\/damienluce.com\/site\/wp-json\/wp\/v2\/users\/1"}],"replies":[{"embeddable":true,"href":"https:\/\/damienluce.com\/site\/wp-json\/wp\/v2\/comments?post=2216869"}],"version-history":[{"count":28,"href":"https:\/\/damienluce.com\/site\/wp-json\/wp\/v2\/pages\/2216869\/revisions"}],"predecessor-version":[{"id":2217152,"href":"https:\/\/damienluce.com\/site\/wp-json\/wp\/v2\/pages\/2216869\/revisions\/2217152"}],"wp:attachment":[{"href":"https:\/\/damienluce.com\/site\/wp-json\/wp\/v2\/media?parent=2216869"}],"curies":[{"name":"wp","href":"https:\/\/api.w.org\/{rel}","templated":true}]}}